{"id":2,"date":"2023-04-14T13:02:46","date_gmt":"2023-04-14T11:02:46","guid":{"rendered":"http:\/\/hwkod.hamstage.hamrenmedia.se\/?page_id=2"},"modified":"2023-09-27T13:31:03","modified_gmt":"2023-09-27T11:31:03","slug":"exempelsida","status":"publish","type":"page","link":"https:\/\/hwkod.hamstage.hamrenmedia.se\/","title":{"rendered":"Startsida"},"content":{"rendered":"\n<div style=\"height:100px\" aria-hidden=\"true\" class=\"wp-block-spacer\"><\/div>\n\n\n\n<h2 class=\"wp-block-heading\">Spara din kod, f\u00f6r \u00e5teranv\u00e4ndning!<\/h2>\n\n\n\n<p>Skapa en egen sida f\u00f6r att visa upp din kod, l\u00e4gg till i menyn f\u00f6r att n\u00e5 din kod.<\/p>\n\n\n\n<h2 class=\"wp-block-heading\">Sharepoint page data:<\/h2>\n\n\n<p>[MO_SHAREPOINT_POST id=&#8221;title_area_0&#8243; ]<\/p>\n\n\n<p>[MO_SHAREPOINT_POST id=&#8221;title_area_1&#8243; ]<\/p>\n\n\n<p>[MO_SHAREPOINT_POST id=&#8221;hoz_section_1_webpart_1_html&#8221; ]<\/p>\n\n\n<p>[MO_SHAREPOINT_POST id=&#8221;hoz_section_1_webpart_1_image_0&#8243; ]<\/p>\n\n\n\n<p><\/p>\n\n\n\n<h2 class=\"wp-block-heading\">Documents:<\/h2>\n\n\n<p>[MO_SHAREPOINT_LIBRARY home=&#8221;drive&#8221; drive_id=&#8221;b!GB-iCAyfpkiwnk1-f5uOoU_7nddG8GVLuVDg9tbgtdTOhy4JDI9MR5HOCNkkI7O8&#8243; ]<\/p>\n","protected":false},"excerpt":{"rendered":"<p>Spara din kod, f\u00f6r \u00e5teranv\u00e4ndning! Skapa en egen sida f\u00f6r att visa upp din kod, l\u00e4gg till i menyn f\u00f6r att n\u00e5 din kod. Sharepoint page data: Documents:<\/p>\n","protected":false},"author":1,"featured_media":0,"parent":0,"menu_order":0,"comment_status":"closed","ping_status":"open","template":"","meta":{"footnotes":""},"class_list":["post-2","page","type-page","status-publish","hentry"],"acf":[],"yoast_head":"<!-- This site is optimized with the Yoast SEO plugin v21.2 - https:\/\/yoast.com\/wordpress\/plugins\/seo\/ -->\n<title>Startsida - hwkod.hamstage.hamrenmedia.se<\/title>\n<meta name=\"robots\" content=\"noindex, follow, max-snippet:-1, max-image-preview:large, max-video-preview:-1\" \/>\n<meta property=\"og:locale\" content=\"en_US\" \/>\n<meta property=\"og:type\" content=\"article\" \/>\n<meta property=\"og:title\" content=\"Startsida - hwkod.hamstage.hamrenmedia.se\" \/>\n<meta property=\"og:description\" content=\"Spara din kod, f\u00f6r \u00e5teranv\u00e4ndning! Skapa en egen sida f\u00f6r att visa upp din kod, l\u00e4gg till i menyn f\u00f6r att n\u00e5 din kod. Sharepoint page data: Documents:\" \/>\n<meta property=\"og:url\" content=\"https:\/\/hwkod.hamstage.hamrenmedia.se\/\" \/>\n<meta property=\"og:site_name\" content=\"hwkod.hamstage.hamrenmedia.se\" \/>\n<meta property=\"article:modified_time\" content=\"2023-09-27T11:31:03+00:00\" \/>\n<meta name=\"twitter:card\" content=\"summary_large_image\" \/>\n<meta name=\"twitter:label1\" content=\"Est. reading time\" \/>\n\t<meta name=\"twitter:data1\" content=\"1 minute\" \/>\n<script type=\"application\/ld+json\" class=\"yoast-schema-graph\">{\"@context\":\"https:\/\/schema.org\",\"@graph\":[{\"@type\":\"WebPage\",\"@id\":\"https:\/\/hwkod.hamstage.hamrenmedia.se\/\",\"url\":\"https:\/\/hwkod.hamstage.hamrenmedia.se\/\",\"name\":\"Startsida - hwkod.hamstage.hamrenmedia.se\",\"isPartOf\":{\"@id\":\"https:\/\/hwkod.hamstage.hamrenmedia.se\/#website\"},\"datePublished\":\"2023-04-14T11:02:46+00:00\",\"dateModified\":\"2023-09-27T11:31:03+00:00\",\"breadcrumb\":{\"@id\":\"https:\/\/hwkod.hamstage.hamrenmedia.se\/#breadcrumb\"},\"inLanguage\":\"en-US\",\"potentialAction\":[{\"@type\":\"ReadAction\",\"target\":[\"https:\/\/hwkod.hamstage.hamrenmedia.se\/\"]}]},{\"@type\":\"BreadcrumbList\",\"@id\":\"https:\/\/hwkod.hamstage.hamrenmedia.se\/#breadcrumb\",\"itemListElement\":[{\"@type\":\"ListItem\",\"position\":1,\"name\":\"Home\",\"item\":\"https:\/\/hwkod.hamstage.hamrenmedia.se\/\"},{\"@type\":\"ListItem\",\"position\":2,\"name\":\"Startsida\"}]},{\"@type\":\"WebSite\",\"@id\":\"https:\/\/hwkod.hamstage.hamrenmedia.se\/#website\",\"url\":\"https:\/\/hwkod.hamstage.hamrenmedia.se\/\",\"name\":\"hwkod.hamstage.hamrenmedia.se\",\"description\":\"\",\"potentialAction\":[{\"@type\":\"SearchAction\",\"target\":{\"@type\":\"EntryPoint\",\"urlTemplate\":\"https:\/\/hwkod.hamstage.hamrenmedia.se\/?s={search_term_string}\"},\"query-input\":\"required name=search_term_string\"}],\"inLanguage\":\"en-US\"}]}<\/script>\n<!-- \/ Yoast SEO plugin. -->","yoast_head_json":{"title":"Startsida - hwkod.hamstage.hamrenmedia.se","robots":{"index":"noindex","follow":"follow","max-snippet":"max-snippet:-1","max-image-preview":"max-image-preview:large","max-video-preview":"max-video-preview:-1"},"og_locale":"en_US","og_type":"article","og_title":"Startsida - hwkod.hamstage.hamrenmedia.se","og_description":"Spara din kod, f\u00f6r \u00e5teranv\u00e4ndning! Skapa en egen sida f\u00f6r att visa upp din kod, l\u00e4gg till i menyn f\u00f6r att n\u00e5 din kod. Sharepoint page data: Documents:","og_url":"https:\/\/hwkod.hamstage.hamrenmedia.se\/","og_site_name":"hwkod.hamstage.hamrenmedia.se","article_modified_time":"2023-09-27T11:31:03+00:00","twitter_card":"summary_large_image","twitter_misc":{"Est. reading time":"1 minute"},"schema":{"@context":"https:\/\/schema.org","@graph":[{"@type":"WebPage","@id":"https:\/\/hwkod.hamstage.hamrenmedia.se\/","url":"https:\/\/hwkod.hamstage.hamrenmedia.se\/","name":"Startsida - hwkod.hamstage.hamrenmedia.se","isPartOf":{"@id":"https:\/\/hwkod.hamstage.hamrenmedia.se\/#website"},"datePublished":"2023-04-14T11:02:46+00:00","dateModified":"2023-09-27T11:31:03+00:00","breadcrumb":{"@id":"https:\/\/hwkod.hamstage.hamrenmedia.se\/#breadcrumb"},"inLanguage":"en-US","potentialAction":[{"@type":"ReadAction","target":["https:\/\/hwkod.hamstage.hamrenmedia.se\/"]}]},{"@type":"BreadcrumbList","@id":"https:\/\/hwkod.hamstage.hamrenmedia.se\/#breadcrumb","itemListElement":[{"@type":"ListItem","position":1,"name":"Home","item":"https:\/\/hwkod.hamstage.hamrenmedia.se\/"},{"@type":"ListItem","position":2,"name":"Startsida"}]},{"@type":"WebSite","@id":"https:\/\/hwkod.hamstage.hamrenmedia.se\/#website","url":"https:\/\/hwkod.hamstage.hamrenmedia.se\/","name":"hwkod.hamstage.hamrenmedia.se","description":"","potentialAction":[{"@type":"SearchAction","target":{"@type":"EntryPoint","urlTemplate":"https:\/\/hwkod.hamstage.hamrenmedia.se\/?s={search_term_string}"},"query-input":"required name=search_term_string"}],"inLanguage":"en-US"}]}},"_links":{"self":[{"href":"https:\/\/hwkod.hamstage.hamrenmedia.se\/index.php?rest_route=\/wp\/v2\/pages\/2","targetHints":{"allow":["GET"]}}],"collection":[{"href":"https:\/\/hwkod.hamstage.hamrenmedia.se\/index.php?rest_route=\/wp\/v2\/pages"}],"about":[{"href":"https:\/\/hwkod.hamstage.hamrenmedia.se\/index.php?rest_route=\/wp\/v2\/types\/page"}],"author":[{"embeddable":true,"href":"https:\/\/hwkod.hamstage.hamrenmedia.se\/index.php?rest_route=\/wp\/v2\/users\/1"}],"replies":[{"embeddable":true,"href":"https:\/\/hwkod.hamstage.hamrenmedia.se\/index.php?rest_route=%2Fwp%2Fv2%2Fcomments&post=2"}],"version-history":[{"count":14,"href":"https:\/\/hwkod.hamstage.hamrenmedia.se\/index.php?rest_route=\/wp\/v2\/pages\/2\/revisions"}],"predecessor-version":[{"id":93,"href":"https:\/\/hwkod.hamstage.hamrenmedia.se\/index.php?rest_route=\/wp\/v2\/pages\/2\/revisions\/93"}],"wp:attachment":[{"href":"https:\/\/hwkod.hamstage.hamrenmedia.se\/index.php?rest_route=%2Fwp%2Fv2%2Fmedia&parent=2"}],"curies":[{"name":"wp","href":"https:\/\/api.w.org\/{rel}","templated":true}]}}